{"id":2496,"date":"2025-09-23T08:08:10","date_gmt":"2025-09-23T06:08:10","guid":{"rendered":"https:\/\/mpma.me\/?page_id=2496"},"modified":"2025-09-23T21:10:03","modified_gmt":"2025-09-23T19:10:03","slug":"dokumenti-za-sve-kandidate","status":"publish","type":"page","link":"https:\/\/mpma.me\/en\/dokumenti-za-sve-kandidate\/","title":{"rendered":"Dokumenti za sve kandidate"},"content":{"rendered":"<p><strong><span style=\"color: #000000;\">Informacije kandidata nakon sertifikacije<\/span><br \/>\n<\/strong><\/p>\n<ul>\n<li>Obrazac: <strong>Povratne informacije kandidata<\/strong>&#8211; &#8220;U okviru kojeg kandidati iznose svoje mi\u0161ljenje o stepenu zadovoljstva procesom sertifikacije, kao i dodatne sugestije i komentare u cilju njegovog daljeg unapre\u0111enja. <span style=\"color: #993366;\"><a style=\"color: #993366;\" href=\"https:\/\/mpma.me\/wp-content\/uploads\/2025\/09\/Povratne-informacije-kandidata.docx\" target=\"_blank\" rel=\"noopener\">preuzmi<\/a><\/span><\/li>\n<li><strong>Obrazac za Prigovor<\/strong> Namijenjen je kandidatima ako \u017eele da izraze nezadovoljstva od strane pojedinca ili organizacije na Sertifikaciono tijelo. Prigovor mo\u017ee biti povezan s nekom osobom ili situacijom uklju\u010denom u proces sertifikacije. <span style=\"color: #993366;\"><a style=\"color: #993366;\" href=\"https:\/\/mpma.me\/wp-content\/uploads\/2025\/09\/Obrazac-za-prigovor.docx\" target=\"_blank\" rel=\"noopener\">preuzmi<\/a><\/span><\/li>\n<li><strong>Obrazac za \u017ealbu<\/strong> namijenjen je kandidatima koji \u017eele da ulo\u017ee \u017ealbu na rezultate sertifikacije, na\u010din sprovo\u0111enja postupka ili specifi\u010dne okolnosti koje su izazvale nezadovoljstvo, uklju\u010duju\u0107i slu\u010dajeve sumnje u odstupanje od IPMA regulative. <a href=\"https:\/\/mpma.me\/wp-content\/uploads\/2025\/09\/Obrazac-za-zalbu.docx\" target=\"_blank\" rel=\"noopener\"><span style=\"color: #993366;\">preuzmi<\/span><\/a><\/li>\n<li><strong>Smjernice za postupanje po \u017ealbama i prigovorima detaljno opisuju <\/strong>postupak za rje\u0161avanje prigovora i \u017ealbi na pravedan, nepristrasan, povjerljiv i konstruktivan na\u010din. Proces \u0107e osigurati da se svi prigovori i \u017ealbe obrade u roku od tri mjeseca od dana prijema pisanog prigovora ili \u017ealbe. <span style=\"color: #993366;\"><a style=\"color: #993366;\" href=\"https:\/\/mpma.me\/wp-content\/uploads\/2025\/09\/6.-Smjernice-za-postupanje-po-prigovorima-i-zalbama.pdf\" target=\"_blank\" rel=\"noopener\">preuzmi<\/a><\/span><\/li>\n<\/ul>\n<p>&nbsp;<\/p>\n","protected":false},"excerpt":{"rendered":"<p>Informacije kandidata nakon sertifikacije Obrazac: Povratne informacije kandidata&#8211; &#8220;U okviru kojeg kandidati iznose svoje mi\u0161ljenje o stepenu zadovoljstva procesom sertifikacije, kao i dodatne sugestije i komentare u cilju njegovog daljeg unapre\u0111enja. preuzmi Obrazac za Prigovor Namijenjen je kandidatima ako \u017eele da izraze nezadovoljstva od strane pojedinca ili organizacije na Sertifikaciono tijelo. Prigovor mo\u017ee biti povezan<\/p>\n","protected":false},"author":1,"featured_media":0,"parent":0,"menu_order":0,"comment_status":"closed","ping_status":"closed","template":"","meta":{"footnotes":""},"class_list":["post-2496","page","type-page","status-publish","hentry","prodpage-classic"],"_links":{"self":[{"href":"https:\/\/mpma.me\/en\/wp-json\/wp\/v2\/pages\/2496","targetHints":{"allow":["GET"]}}],"collection":[{"href":"https:\/\/mpma.me\/en\/wp-json\/wp\/v2\/pages"}],"about":[{"href":"https:\/\/mpma.me\/en\/wp-json\/wp\/v2\/types\/page"}],"author":[{"embeddable":true,"href":"https:\/\/mpma.me\/en\/wp-json\/wp\/v2\/users\/1"}],"replies":[{"embeddable":true,"href":"https:\/\/mpma.me\/en\/wp-json\/wp\/v2\/comments?post=2496"}],"version-history":[{"count":10,"href":"https:\/\/mpma.me\/en\/wp-json\/wp\/v2\/pages\/2496\/revisions"}],"predecessor-version":[{"id":2554,"href":"https:\/\/mpma.me\/en\/wp-json\/wp\/v2\/pages\/2496\/revisions\/2554"}],"wp:attachment":[{"href":"https:\/\/mpma.me\/en\/wp-json\/wp\/v2\/media?parent=2496"}],"curies":[{"name":"wp","href":"https:\/\/api.w.org\/{rel}","templated":true}]}}