{"id":2485,"date":"2025-09-23T07:33:05","date_gmt":"2025-09-23T05:33:05","guid":{"rendered":"https:\/\/mpma.me\/?page_id=2485"},"modified":"2025-09-23T07:35:57","modified_gmt":"2025-09-23T05:35:57","slug":"upravljacka-struktura","status":"publish","type":"page","link":"https:\/\/mpma.me\/en\/upravljacka-struktura\/","title":{"rendered":"Governence structure of MPMA:"},"content":{"rendered":"<p>Governence structure of MPMA:<\/p>\n<p><span style=\"color: #000000;\"><strong>Sanja Me\u0111edovi\u0107<\/strong><\/span>, MPMA President<br \/>\n<span style=\"color: #000000;\"><strong>Nade\u017eda Lu\u010di\u0107<\/strong><\/span>, MPMA General Secretary<br \/>\n<span style=\"color: #000000;\"><strong>Sr\u0111an Lakovi\u0107<\/strong><\/span>, MPMA Board Member<br \/>\n<strong><span style=\"color: #000000;\">Sandra \u0160ip\u010di\u0107<\/span><\/strong>, MPMA Board Member<br \/>\n<strong><span style=\"color: #000000;\">Ana Grba<\/span><\/strong>, MPMA Board Member<br \/>\n<strong><span style=\"color: #000000;\">Du\u0161ko Lu\u010di\u0107<\/span><\/strong>, MPMA Board Member<br \/>\n<strong><span style=\"color: #000000;\">Vladan Deli\u0107<\/span><\/strong>, MPMA Board Member<br \/>\n<span style=\"color: #000000;\">Mileta \u0160\u0107epanovi\u0107, Finance Manager<\/span><br \/>\n<span style=\"color: #000000;\">Valentina Bo\u0161kovi\u0107<\/span>, Office Manager \/ Administration<\/p>\n","protected":false},"excerpt":{"rendered":"<p>Governence structure of MPMA: Sanja Me\u0111edovi\u0107, MPMA President Nade\u017eda Lu\u010di\u0107, MPMA General Secretary Sr\u0111an Lakovi\u0107, MPMA Board Member Sandra \u0160ip\u010di\u0107, MPMA Board Member Ana Grba, MPMA Board Member Du\u0161ko Lu\u010di\u0107, MPMA Board Member Vladan Deli\u0107, MPMA Board Member Mileta \u0160\u0107epanovi\u0107, Finance Manager Valentina Bo\u0161kovi\u0107, Office Manager \/ Administration<\/p>\n","protected":false},"author":1,"featured_media":0,"parent":0,"menu_order":0,"comment_status":"closed","ping_status":"closed","template":"","meta":{"footnotes":""},"class_list":["post-2485","page","type-page","status-publish","hentry","prodpage-classic"],"_links":{"self":[{"href":"https:\/\/mpma.me\/en\/wp-json\/wp\/v2\/pages\/2485","targetHints":{"allow":["GET"]}}],"collection":[{"href":"https:\/\/mpma.me\/en\/wp-json\/wp\/v2\/pages"}],"about":[{"href":"https:\/\/mpma.me\/en\/wp-json\/wp\/v2\/types\/page"}],"author":[{"embeddable":true,"href":"https:\/\/mpma.me\/en\/wp-json\/wp\/v2\/users\/1"}],"replies":[{"embeddable":true,"href":"https:\/\/mpma.me\/en\/wp-json\/wp\/v2\/comments?post=2485"}],"version-history":[{"count":3,"href":"https:\/\/mpma.me\/en\/wp-json\/wp\/v2\/pages\/2485\/revisions"}],"predecessor-version":[{"id":2488,"href":"https:\/\/mpma.me\/en\/wp-json\/wp\/v2\/pages\/2485\/revisions\/2488"}],"wp:attachment":[{"href":"https:\/\/mpma.me\/en\/wp-json\/wp\/v2\/media?parent=2485"}],"curies":[{"name":"wp","href":"https:\/\/api.w.org\/{rel}","templated":true}]}}